{"id":7,"date":"2020-09-01T10:23:44","date_gmt":"2020-09-01T08:23:44","guid":{"rendered":"https:\/\/www.autobusova-doprava.com\/domains\/autobusova-doprava.com\/?page_id=7"},"modified":"2020-09-15T22:57:00","modified_gmt":"2020-09-15T20:57:00","slug":"autobusova-doprava","status":"publish","type":"page","link":"https:\/\/www.autobusova-doprava.com\/","title":{"rendered":"Autobusov\u00e1 doprava"},"content":{"rendered":"<p><strong>Autobusov\u00e1 doprava Kukabus<\/strong> byla zalo\u017eena v roce 1996. Prvn\u00edm autobusem, kter\u00fd firma vlastnila, byl v\u016fz \u0160D11.<br \/>\nN\u00e1zev firmy vznikl slo\u017een\u00edm za\u010d\u00e1tk\u016f p\u0159\u00edjmen\u00ed zakladatel\u016f a slova bus: <strong>KU<\/strong>kla <strong>KA<\/strong>dle\u010dek <strong>BUS<\/strong> &#8211; Autobusov\u00e1 doprava.<\/p>\n<p><img loading=\"lazy\" decoding=\"async\" class=\"float-right alignright wp-image-42 size-full\" src=\"https:\/\/www.autobusova-doprava.com\/wp-content\/uploads\/2020\/09\/img1.png\" alt=\"\" width=\"301\" height=\"197\" \/><\/p>\n<p>Prvn\u00ed j\u00edzda, kterou nov\u011b vznikl\u00e1 autobusov\u00e1 doprava podnikla, byl v\u00fdjezd z Prahy do \u0158evnic, na kter\u00fd byli nasazeni t\u0159i \u0159idi\u010di. J\u00edzda bohu\u017eel skon\u010dila ne\u00fasp\u011b\u0161n\u011b, t\u011bsn\u011b p\u0159ed c\u00edlem autobus<br \/>\nvypov\u011bd\u011bl slu\u017ebu a z\u016fstal st\u00e1t na \u0159evnick\u00fdch vlakov\u00fdch z\u00e1vor\u00e1ch. To n\u00e1s v\u0161ak neodradilo a na\u0161e autobusov\u00e1 doprava se vydala na dal\u0161\u00ed cestu, tentokr\u00e1t do Ostravy. Tento z\u00e1jezd byl \u00fasp\u011b\u0161n\u00fd, s pouh\u00fdm t\u0159\u00edhodinov\u00fdm zpo\u017ed\u011bn\u00edm jsme dorazili do c\u00edle.<\/p>\n<p>V \u0159\u00edjnu roku 1996 se firma rozr\u016fst\u00e1 a roz\u0161i\u0159uje sv\u016fj vozov\u00fd park o vysn\u011bnou Karosu C734 s nep\u0159epl\u0148ovan\u00fdm motorem.<\/p>\n<p>V l\u00e9t\u011b v roce 1997 <strong>Autobusov\u00e1 doprava Kukabus<\/strong> zahajuje mezin\u00e1rodn\u00ed j\u00edzdy s vozem \u0160D11 vybaven\u00fdm elektronick\u00fdm tachografem, jeho\u017e cena p\u0159ev\u00fd\u0161ila po\u0159izovac\u00ed cenu vozidla. Prvn\u00ed cesta sm\u011b\u0159uje na Slovensko a dopadla \u00fasp\u011b\u0161n\u011b!<\/p>\n<p>V \u00fanoru 1998 nakupuje na\u0161e autobusov\u00e1 doprava Karosu C735, kter\u00e1 <strong>v\u00fdrazn\u011b zvy\u0161uje kvalitu na\u0161ich slu\u017eeb i ceny dopravy.<\/strong><br \/>\nV kv\u011btnu t\u00e9ho\u017e roku byl slavnostn\u011b ukon\u010den provoz autobusu \u0160D11. Tento v\u016fz nahradila modern\u00ed Karosa LC 735 TURBO, kterou jsme upravili a nast\u0159\u00edkali do firemn\u00edch barev, aby m\u011bla rozv\u00edjej\u00edc\u00ed<br \/>\nse autobusov\u00e1 doprava p\u011bknou reklamu.<\/p>\n<p>V \u010dervenci roku 1998 se <strong>Autobusov\u00e1 doprava Kukabus<\/strong> vyd\u00e1v\u00e1 na prvn\u00ed velk\u00fd z\u00e1jezd na t\u0159i t\u00fddny do Norska, s vlekem na lod\u011b. V Norsku jsme potkali z\u00e1jezd CK Exem Tour s majitelem L\u00e1\u010fou Lomsk\u00fdm, kter\u00fd tam b\u011bdoval nad rozbit\u00fdm autobusem. Ji\u017e v srpnu t\u00e9ho\u017e roku na\u0161e autobusov\u00e1 doprava zaji\u0161\u0165uje pro tuto CK \u010d\u00e1ste\u010dn\u011b dopravu a dnes jsme jejich v\u00fdhradn\u00edm dopravcem.<\/p>\n<p><img loading=\"lazy\" decoding=\"async\" class=\"float-left alignleft wp-image-41 size-full\" src=\"https:\/\/www.autobusova-doprava.com\/wp-content\/uploads\/2020\/09\/img2.png\" alt=\"small-titulka-02\" width=\"298\" height=\"202\" \/><\/p>\n<p>V lednu roku 1999 jsme modernizovali jeden z voz\u016f kv\u016fli norm\u00e1m Euro 0 a autobusov\u00e1 doprava tak zaji\u0161\u0165uje bezprobl\u00e9mov\u011b <strong>mezin\u00e1rodn\u00ed dopravu po cel\u00e9 Evrop\u011b<\/strong>.<\/p>\n<p>Aby byla Autobusov\u00e1 doprava Kukabus zaj\u00edmav\u011bj\u0161\u00ed, v kv\u011btnu 1999 roz\u0161i\u0159ujeme na\u0161e slu\u017eby n\u00e1kupem <strong>historick\u00e9ho autobusu<\/strong> \u0160KODA 706 RTO.<br \/>\nV roce 2001 byly znovu zp\u0159\u00edsn\u011bny technick\u00e9 standardy pro mezin\u00e1rodn\u00ed dopravu, proto po\u0159izujeme dal\u0161\u00ed v\u016fz spl\u0148uj\u00edc\u00ed normu Euro 1.<\/p>\n<p><strong>Autobusov\u00e1 doprava Kukabus<\/strong> v roce 2002 \u010d\u00e1st\u011b\u010dn\u011b obm\u011b\u0148uje sv\u016fj vozov\u00fd park a zaji\u0161\u0165uje bez probl\u00e9m\u016f celost\u00e1tn\u00ed i mezin\u00e1rodn\u00ed dopravu s normami Euro.<\/p>\n<p>V kv\u011btnu 2003 se po p\u016flro\u010dn\u00ed rekonstrukci do provozu vrac\u00ed nov\u011b opraven\u00fd historick\u00fd autobus \u0160koda 706 RTO Lux.<\/p>\n<p>V roce 2003 se autobusov\u00e1 doprava rozr\u016fst\u00e1 o dal\u0161\u00ed dva autobusy pro mezin\u00e1rodn\u00ed provoz. Novinkou je luxusn\u00ed klimatizovan\u00e1 Karosa spl\u0148uj\u00edc\u00ed normy Euro 1.<\/p>\n<p>\u0158idi\u010di, kte\u0159\u00ed jezd\u00ed na\u0161imi autobusy, jsou v\u017edy pe\u010dliv\u011b vyb\u00edr\u00e1ni tak, aby autobusov\u00e1 doprava byla <strong>maxim\u00e1ln\u011b bezpe\u010dn\u00e1 a pohodln\u00e1 bez rizik<\/strong>.<\/p>\n<p>Spolehliv\u00e1, levn\u00e1 a pohodln\u00e1 autobusov\u00e1 doprava, to je Kukabus!<\/p>\n","protected":false},"excerpt":{"rendered":"<p>Autobusov\u00e1 doprava Kukabus byla zalo\u017eena v roce 1996. Prvn\u00edm autobusem, kter\u00fd firma vlastnila, byl v\u016fz \u0160D11. N\u00e1zev firmy vznikl slo\u017een\u00edm za\u010d\u00e1tk\u016f p\u0159\u00edjmen\u00ed zakladatel\u016f a slova bus: KUkla KAdle\u010dek BUS &#8211; Autobusov\u00e1 doprava. Prvn\u00ed j\u00edzda, kterou nov\u011b vznikl\u00e1 autobusov\u00e1 doprava podnikla, byl v\u00fdjezd z Prahy do \u0158evnic, na kter\u00fd byli nasazeni t\u0159i \u0159idi\u010di. J\u00edzda bohu\u017eel skon\u010dila [&hellip;]<\/p>\n","protected":false},"author":1,"featured_media":0,"parent":0,"menu_order":0,"comment_status":"closed","ping_status":"open","template":"","meta":{"_exactmetrics_skip_tracking":false,"_exactmetrics_sitenote_active":false,"_exactmetrics_sitenote_note":"","_exactmetrics_sitenote_category":0,"footnotes":""},"class_list":["post-7","page","type-page","status-publish","hentry"],"_links":{"self":[{"href":"https:\/\/www.autobusova-doprava.com\/index.php?rest_route=\/wp\/v2\/pages\/7","targetHints":{"allow":["GET"]}}],"collection":[{"href":"https:\/\/www.autobusova-doprava.com\/index.php?rest_route=\/wp\/v2\/pages"}],"about":[{"href":"https:\/\/www.autobusova-doprava.com\/index.php?rest_route=\/wp\/v2\/types\/page"}],"author":[{"embeddable":true,"href":"https:\/\/www.autobusova-doprava.com\/index.php?rest_route=\/wp\/v2\/users\/1"}],"replies":[{"embeddable":true,"href":"https:\/\/www.autobusova-doprava.com\/index.php?rest_route=%2Fwp%2Fv2%2Fcomments&post=7"}],"version-history":[{"count":11,"href":"https:\/\/www.autobusova-doprava.com\/index.php?rest_route=\/wp\/v2\/pages\/7\/revisions"}],"predecessor-version":[{"id":48,"href":"https:\/\/www.autobusova-doprava.com\/index.php?rest_route=\/wp\/v2\/pages\/7\/revisions\/48"}],"wp:attachment":[{"href":"https:\/\/www.autobusova-doprava.com\/index.php?rest_route=%2Fwp%2Fv2%2Fmedia&parent=7"}],"curies":[{"name":"wp","href":"https:\/\/api.w.org\/{rel}","templated":true}]}}