{"id":25,"date":"2020-09-01T14:10:25","date_gmt":"2020-09-01T12:10:25","guid":{"rendered":"https:\/\/www.autobusova-doprava.com\/?page_id=25"},"modified":"2020-09-19T16:22:09","modified_gmt":"2020-09-19T14:22:09","slug":"mikrobus","status":"publish","type":"page","link":"https:\/\/www.autobusova-doprava.com\/?page_id=25","title":{"rendered":"Mikrobus"},"content":{"rendered":"<div class=\"autobus-info\"><img loading=\"lazy\" decoding=\"async\" class=\"alignleft size-full wp-image-63\" src=\"https:\/\/www.autobusova-doprava.com\/wp-content\/uploads\/2020\/09\/small-transit.jpg\" alt=\"\" width=\"240\" height=\"161\" \/><h3>FORD TRANSIT<\/h3><p><\/p><ul><li><span>Po\u010det m\u00edst: <\/span>8 cestuj\u00edc\u00edch + 1 \u0159idi\u010d.<\/li><li><span>Technick\u00e9 vybaven\u00ed: <\/span>ta\u017en\u00e9 za\u0159\u00edzen\u00ed ke kter\u00e9mu lze p\u0159ipojit n\u00e1\u0161 p\u0159\u00edv\u011bs na zavazadla, lod\u011b nebo kola, p\u0159\u00edpadn\u011b v\u00e1\u0161 vlek, st\u0159e\u0161n\u00ed nosi\u010d (zahr\u00e1dku)<\/li><\/ul><\/div>\n<p>&nbsp;<\/p>\n<p>&nbsp;<\/p>\n<p>&nbsp;<\/p>\n<p>&nbsp;<\/p>\n<p><strong>Cen\u00edk platn\u00fd od 1. 1. 2008:<\/strong><br \/>\n<strong>Mikrobus Ford Transit 1 + 8:<\/strong><\/p>\n<table class=\"table table-bordered\">\n<thead>\n<tr class=\"table-header\">\n<td><\/td>\n<td>cena<\/td>\n<td>cena + 19%\u00a0DPH<\/td>\n<\/tr>\n<\/thead>\n<tbody>\n<tr>\n<td>Z\u00e1kladn\u00ed sazba za 1 km<\/td>\n<td>10,- K\u010d<\/td>\n<td>11,90 K\u010d<\/td>\n<\/tr>\n<tr>\n<td>Sazba p\u0159i j\u00edzd\u011b s p\u0159\u00edv\u011bsem 1 km<\/td>\n<td>11,- K\u010d<\/td>\n<td>13,10 K\u010d<\/td>\n<\/tr>\n<tr>\n<td colspan=\"3\"><\/td>\n<\/tr>\n<tr>\n<td colspan=\"3\"><strong>\u010cek\u00e1n\u00ed:<\/strong><\/td>\n<\/tr>\n<tr>\n<td>Sazba za 1 hodinu<\/td>\n<td>\n<p>120,- K\u010d<\/p>\n<\/td>\n<td>\n<p>142,80 K\u010d<\/p>\n<\/td>\n<\/tr>\n<tr>\n<td colspan=\"3\"><\/td>\n<\/tr>\n<tr>\n<td colspan=\"3\"><strong>Mal\u00fd autobus MERCEDES 309 D 25 m\u00edst<\/strong><\/td>\n<\/tr>\n<tr>\n<td>Z\u00e1kladn\u00ed sazba za 1 km<\/td>\n<td>18,- K\u010d<\/td>\n<td>\n<p>21,42 K\u010d<\/p>\n<\/td>\n<\/tr>\n<tr>\n<td>P\u0159i j\u00edzd\u011b s p\u0159\u00edv\u011bsem<\/td>\n<td>\n<p>19,- K\u010d<\/p>\n<\/td>\n<td>\n<p>22,61 K\u010d<\/p>\n<\/td>\n<\/tr>\n<tr>\n<td><\/td>\n<td><\/td>\n<td><\/td>\n<\/tr>\n<tr>\n<td colspan=\"3\"><strong><strong>\u010cek\u00e1n\u00ed:<\/strong><\/strong><\/td>\n<\/tr>\n<tr>\n<td>Sazba za 1 hodinu<\/td>\n<td>\n<p>150,- K\u010d<\/p>\n<\/td>\n<td>\n<p>178,50 K\u010d<\/p>\n<\/td>\n<\/tr>\n<\/tbody>\n<\/table>\n<p>U j\u00edzd do zahrani\u010d\u00ed d\u00e1le \u00fa\u010dtujeme poplatky spojen\u00e9 s touto cenou (nap\u0159. m\u00fdtn\u00e9 na d\u00e1lnic\u00edch a v tunelech).<\/p>\n","protected":false},"excerpt":{"rendered":"<p>&nbsp; &nbsp; &nbsp; &nbsp; Cen\u00edk platn\u00fd od 1. 1. 2008: Mikrobus Ford Transit 1 + 8: cena cena + 19%\u00a0DPH Z\u00e1kladn\u00ed sazba za 1 km 10,- K\u010d 11,90 K\u010d Sazba p\u0159i j\u00edzd\u011b s p\u0159\u00edv\u011bsem 1 km 11,- K\u010d 13,10 K\u010d \u010cek\u00e1n\u00ed: Sazba za 1 hodinu 120,- K\u010d 142,80 K\u010d Mal\u00fd autobus MERCEDES 309 D 25 [&hellip;]<\/p>\n","protected":false},"author":1,"featured_media":0,"parent":0,"menu_order":0,"comment_status":"closed","ping_status":"closed","template":"","meta":{"_exactmetrics_skip_tracking":false,"_exactmetrics_sitenote_active":false,"_exactmetrics_sitenote_note":"","_exactmetrics_sitenote_category":0,"footnotes":""},"class_list":["post-25","page","type-page","status-publish","hentry"],"_links":{"self":[{"href":"https:\/\/www.autobusova-doprava.com\/index.php?rest_route=\/wp\/v2\/pages\/25","targetHints":{"allow":["GET"]}}],"collection":[{"href":"https:\/\/www.autobusova-doprava.com\/index.php?rest_route=\/wp\/v2\/pages"}],"about":[{"href":"https:\/\/www.autobusova-doprava.com\/index.php?rest_route=\/wp\/v2\/types\/page"}],"author":[{"embeddable":true,"href":"https:\/\/www.autobusova-doprava.com\/index.php?rest_route=\/wp\/v2\/users\/1"}],"replies":[{"embeddable":true,"href":"https:\/\/www.autobusova-doprava.com\/index.php?rest_route=%2Fwp%2Fv2%2Fcomments&post=25"}],"version-history":[{"count":12,"href":"https:\/\/www.autobusova-doprava.com\/index.php?rest_route=\/wp\/v2\/pages\/25\/revisions"}],"predecessor-version":[{"id":91,"href":"https:\/\/www.autobusova-doprava.com\/index.php?rest_route=\/wp\/v2\/pages\/25\/revisions\/91"}],"wp:attachment":[{"href":"https:\/\/www.autobusova-doprava.com\/index.php?rest_route=%2Fwp%2Fv2%2Fmedia&parent=25"}],"curies":[{"name":"wp","href":"https:\/\/api.w.org\/{rel}","templated":true}]}}