{"id":23,"date":"2020-09-01T14:09:46","date_gmt":"2020-09-01T12:09:46","guid":{"rendered":"https:\/\/www.autobusova-doprava.com\/?page_id=23"},"modified":"2020-09-19T16:44:22","modified_gmt":"2020-09-19T14:44:22","slug":"historicky-autobus","status":"publish","type":"page","link":"https:\/\/www.autobusova-doprava.com\/?page_id=23","title":{"rendered":"Historick\u00fd autobus"},"content":{"rendered":"<p>Nab\u00edz\u00edme dopravu historick\u00fdm vozem\u00a0<strong>\u0160KODA 706 RTO LUX<\/strong>\u00a0v p\u016fvodn\u00edm stavu po renovaci.<br \/>\n<strong>Kdy vyu\u017e\u00edt na\u0161\u00ed speci\u00e1ln\u00ed nab\u00eddku dopravy historick\u00fdm autobusem?<\/strong><br \/>\nJedete-li na vod\u00e1ck\u00fd z\u00e1jezd, speci\u00e1ln\u00ed expedici, \u0161koln\u00ed v\u00fdlet (rodi\u010de d\u011bt\u00ed by ov\u0161em m\u011bli m\u00edt pochopen\u00ed a sportovn\u00edho ducha), po\u0159\u00e1d\u00e1te-li svatbu (v\u00fdzdobu autobusu zajist\u00edme) nebo recesn\u00ed v\u00fdlet. Chyst\u00e1te se s kamar\u00e1dy do skl\u00edpku nebo na alkoholov\u00fd d\u00fdch\u00e1nek? Poje\u010fte s n\u00e1mi <strong style=\"background-color: var(--page-color);\">&#8222;er\u0165\u00e1kem&#8220;!<\/strong><span style=\"background-color: var(--page-color);\">\u00a0Pokud pl\u00e1nujete uskute\u010dnit zahrani\u010dn\u00ed z\u00e1jezd &#8222;na v\u00fdchod&#8220; a chcete m\u00edt jedine\u010dn\u00fd z\u00e1\u017eitek, pak V\u00e1m nab\u00edz\u00edme \u0159e\u0161en\u00ed.<\/span><\/p>\n<p><strong>Historick\u00fd autobus firmy KUKABUS!<\/strong><\/p>\n<p>D\u00e1le nab\u00edz\u00edme levnou dopravu historick\u00fdm autobusem\u00a0<strong>KAROSA \u0160D11 TOURIST<\/strong>\u00a0v p\u016fvodn\u00edm stavu po renovaci.<\/p>\n<p><strong>Kdy vyu\u017e\u00edt tento autobus?<\/strong><\/p>\n<p>Zejm\u00e9na na vod\u00e1ck\u00e9 akce, ale i v\u00fdlety do hor nebo kamkoli, kde nen\u00ed pot\u0159eba velk\u00fd komfort. V\u00fdhodou tohoto autobusu je n\u00edzk\u00e1 cena a z\u00e1rove\u0148 u\u017eitnost srovnateln\u00e1 s oby\u010dejnou Karosou. Autobusem jezd\u00edme i do bl\u00edzk\u00e9ho zahrani\u010d\u00ed, pohybuje se rychlost\u00ed jako Karosa a m\u00e1 tak\u00e9 45 m\u00edst.<\/p>\n<p><img loading=\"lazy\" decoding=\"async\" class=\"alignleft size-full wp-image-101\" src=\"https:\/\/www.autobusova-doprava.com\/wp-content\/uploads\/2020\/09\/small-h1-1.jpg\" alt=\"\" width=\"238\" height=\"159\" \/><\/p>\n<p>P\u0159ed renovac\u00ed do 11\/2002<\/p>\n<p><img loading=\"lazy\" decoding=\"async\" class=\"alignleft size-full wp-image-102\" src=\"https:\/\/www.autobusova-doprava.com\/wp-content\/uploads\/2020\/09\/small-h2.jpg\" alt=\"\" width=\"237\" height=\"160\" \/><\/p>\n<p>Po renovaci od 1.6. 2003<\/p>\n<p><img loading=\"lazy\" decoding=\"async\" class=\"alignleft size-full wp-image-103\" src=\"https:\/\/www.autobusova-doprava.com\/wp-content\/uploads\/2020\/09\/small-h3.jpg\" alt=\"\" width=\"239\" height=\"161\" \/><\/p>\n<p>P\u0159ed renovac\u00ed do 4\/2005<\/p>\n<p><img loading=\"lazy\" decoding=\"async\" class=\"alignleft size-full wp-image-104\" src=\"https:\/\/www.autobusova-doprava.com\/wp-content\/uploads\/2020\/09\/small-h4.jpg\" alt=\"\" width=\"239\" height=\"161\" \/><\/p>\n<p>Po renovaci po 1. 12. 2005<\/p>\n<table class=\"table table-bordered\">\n<thead>\n<tr>\n<td width=\"64\"><\/td>\n<td width=\"64\">cena<\/td>\n<td width=\"64\">cena+ 19% DPH<\/td>\n<td width=\"64\">cena<\/td>\n<td width=\"64\">cena+ 19% DPH<\/td>\n<\/tr>\n<tr>\n<td><\/td>\n<td><\/td>\n<td><\/td>\n<td><\/td>\n<td><\/td>\n<\/tr>\n<\/thead>\n<tbody>\n<tr>\n<td>Historick\u00fd autobus:<\/td>\n<td colspan=\"2\">\u0160koda 706 RTO LUX:<\/td>\n<td colspan=\"2\">Karosa \u0160D 11 TOURIST:<\/td>\n<\/tr>\n<tr>\n<td>Z\u00e1kladn\u00ed sazba za 1 km<\/td>\n<td>32,- K\u010d<\/td>\n<td>38,08 K\u010d<\/td>\n<td>22,- K\u010d<\/td>\n<td>26,18 K\u010d<\/td>\n<\/tr>\n<tr>\n<td>Sazba p\u0159i j\u00edzd\u011b<\/td>\n<td>od 22-32 K\u010d<\/td>\n<td>od 26,18-38,08 K\u010d<\/td>\n<td>24,- K\u010d<\/td>\n<td>28,56 K\u010d<\/td>\n<\/tr>\n<tr>\n<td colspan=\"2\">s p\u0159\u00edv\u011bsem na lod\u011b<\/td>\n<td><\/td>\n<td><\/td>\n<td><\/td>\n<\/tr>\n<tr>\n<td>za 1 km<\/td>\n<td><\/td>\n<td><\/td>\n<td><\/td>\n<td><\/td>\n<\/tr>\n<tr>\n<td colspan=\"2\">speci\u00e1ln\u00ed sleva!!!<\/td>\n<td><\/td>\n<td><\/td>\n<td><\/td>\n<\/tr>\n<tr>\n<td colspan=\"2\">J\u00edzda po Praze:<\/td>\n<td><\/td>\n<td><\/td>\n<td><\/td>\n<\/tr>\n<tr>\n<td>Sazba za 1 hodinu<\/td>\n<td>1500,- K\u010d<\/td>\n<td>1190,- K\u010d<\/td>\n<td>800,- K\u010d<\/td>\n<td>952,- K\u010d<\/td>\n<\/tr>\n<tr>\n<td>\u010cek\u00e1n\u00ed:<\/td>\n<td><\/td>\n<td><\/td>\n<td><\/td>\n<td><\/td>\n<\/tr>\n<tr>\n<td>Sazba za 1 hodinu<\/td>\n<td>350,- K\u010d<\/td>\n<td>416,50 K\u010d<\/td>\n<td>150,- K\u010d<\/td>\n<td>178,50 K\u010d<\/td>\n<\/tr>\n<\/tbody>\n<\/table>\n<p><strong>J\u00cdZDA VOZEM RTO V\u00c1M NAB\u00cdDNE NEV\u0160EDN\u00cd Z\u00c1\u017dITEK!<\/strong><br \/>\n1. sraz Klubu \u010desk\u00fdch historick\u00fdch autobus\u016f<br \/>\n1. sraz Klubu \u010desk\u00fdch historick\u00fdch autobus\u016f v roce 2000, jeho\u017e zakl\u00e1daj\u00edc\u00edm \u010dlenem je na\u0161e firma.<br \/>\nV\u00edce na www.rto-bus.cz<\/p>\n<p><img loading=\"lazy\" decoding=\"async\" class=\"alignleft size-full wp-image-105\" src=\"https:\/\/www.autobusova-doprava.com\/wp-content\/uploads\/2020\/09\/small-13.jpg\" alt=\"\" width=\"238\" height=\"161\" \/><\/p>\n","protected":false},"excerpt":{"rendered":"<p>Nab\u00edz\u00edme dopravu historick\u00fdm vozem\u00a0\u0160KODA 706 RTO LUX\u00a0v p\u016fvodn\u00edm stavu po renovaci. Kdy vyu\u017e\u00edt na\u0161\u00ed speci\u00e1ln\u00ed nab\u00eddku dopravy historick\u00fdm autobusem? Jedete-li na vod\u00e1ck\u00fd z\u00e1jezd, speci\u00e1ln\u00ed expedici, \u0161koln\u00ed v\u00fdlet (rodi\u010de d\u011bt\u00ed by ov\u0161em m\u011bli m\u00edt pochopen\u00ed a sportovn\u00edho ducha), po\u0159\u00e1d\u00e1te-li svatbu (v\u00fdzdobu autobusu zajist\u00edme) nebo recesn\u00ed v\u00fdlet. Chyst\u00e1te se s kamar\u00e1dy do skl\u00edpku nebo na alkoholov\u00fd d\u00fdch\u00e1nek? [&hellip;]<\/p>\n","protected":false},"author":1,"featured_media":0,"parent":0,"menu_order":0,"comment_status":"closed","ping_status":"closed","template":"","meta":{"_exactmetrics_skip_tracking":false,"_exactmetrics_sitenote_active":false,"_exactmetrics_sitenote_note":"","_exactmetrics_sitenote_category":0,"footnotes":""},"class_list":["post-23","page","type-page","status-publish","hentry"],"_links":{"self":[{"href":"https:\/\/www.autobusova-doprava.com\/index.php?rest_route=\/wp\/v2\/pages\/23","targetHints":{"allow":["GET"]}}],"collection":[{"href":"https:\/\/www.autobusova-doprava.com\/index.php?rest_route=\/wp\/v2\/pages"}],"about":[{"href":"https:\/\/www.autobusova-doprava.com\/index.php?rest_route=\/wp\/v2\/types\/page"}],"author":[{"embeddable":true,"href":"https:\/\/www.autobusova-doprava.com\/index.php?rest_route=\/wp\/v2\/users\/1"}],"replies":[{"embeddable":true,"href":"https:\/\/www.autobusova-doprava.com\/index.php?rest_route=%2Fwp%2Fv2%2Fcomments&post=23"}],"version-history":[{"count":12,"href":"https:\/\/www.autobusova-doprava.com\/index.php?rest_route=\/wp\/v2\/pages\/23\/revisions"}],"predecessor-version":[{"id":112,"href":"https:\/\/www.autobusova-doprava.com\/index.php?rest_route=\/wp\/v2\/pages\/23\/revisions\/112"}],"wp:attachment":[{"href":"https:\/\/www.autobusova-doprava.com\/index.php?rest_route=%2Fwp%2Fv2%2Fmedia&parent=23"}],"curies":[{"name":"wp","href":"https:\/\/api.w.org\/{rel}","templated":true}]}}