{"id":19,"date":"2020-09-01T14:08:40","date_gmt":"2020-09-01T12:08:40","guid":{"rendered":"https:\/\/www.autobusova-doprava.com\/?page_id=19"},"modified":"2020-09-19T16:41:31","modified_gmt":"2020-09-19T14:41:31","slug":"cenik-autobusove-dopravy","status":"publish","type":"page","link":"https:\/\/www.autobusova-doprava.com\/?page_id=19","title":{"rendered":"Cen\u00edk autobusov\u00e9 dopravy"},"content":{"rendered":"<p class=\"align-center\">NEJSME NEJLEVN\u011aJ\u0160\u00cd, ALE PAT\u0158\u00cdME MEZI NEJLEP\u0160\u00cd!<\/p>\n<p><strong>Cen\u00edk platn\u00fd od 1.1.2008:<\/strong><\/p>\n<table class=\"table table-bordered\">\n<thead>\n<tr>\n<td><\/td>\n<td colspan=\"2\" width=\"128\">cena +19%<\/td>\n<\/tr>\n<\/thead>\n<tbody>\n<tr>\n<td colspan=\"2\">Autobusy Karosa:<\/td>\n<td><\/td>\n<\/tr>\n<tr>\n<td>Z\u00e1kladn\u00ed sazba za 1 km<\/td>\n<td>24,- K\u010d<\/td>\n<td>28,56 K\u010d<\/td>\n<\/tr>\n<tr>\n<td>Sazba p\u0159i j\u00edzd\u011b s vlekem za 1 km<\/td>\n<td>26,- K\u010d<\/td>\n<td>30,94 K\u010d<\/td>\n<\/tr>\n<tr>\n<td colspan=\"3\">Autobusy Karosa s klimatizac\u00ed:<\/td>\n<\/tr>\n<tr>\n<td>Z\u00e1kladn\u00ed sazba za 1 km<\/td>\n<td>25,- K\u010d<\/td>\n<td>29,75 K\u010d<\/td>\n<\/tr>\n<tr>\n<td>Sazba p\u0159i j\u00edzd\u011b s vlekem za 1 km<\/td>\n<td>27,- K\u010d<\/td>\n<td>32,13 K\u010d<\/td>\n<\/tr>\n<tr>\n<td colspan=\"3\">Autobusy Setra a Renault:<\/td>\n<\/tr>\n<tr>\n<td>Z\u00e1kladn\u00ed sazba za 1 km<\/td>\n<td>26,- K\u010d<\/td>\n<td>29,75 K\u010d<\/td>\n<\/tr>\n<tr>\n<td>Sazba p\u0159i j\u00edzd\u011b s vlekem za 1 km<\/td>\n<td>28,- K\u010d<\/td>\n<td>33,32 K\u010d<\/td>\n<\/tr>\n<tr>\n<td colspan=\"3\">\u010cek\u00e1n\u00ed (celkov\u00fd po\u010det ujet\u00fdch km do 300) vozy KAROSA:<\/td>\n<\/tr>\n<tr>\n<td>Sazba za 1 hodinu<\/td>\n<td>180,- K\u010d<\/td>\n<td>214,20 K\u010d<\/td>\n<\/tr>\n<tr>\n<td>Sazba za 1 den<\/td>\n<td>1200,- K\u010d<\/td>\n<td>1428,- K\u010d<\/td>\n<\/tr>\n<tr>\n<td>Sazba za v\u00edkend SO+NE<\/td>\n<td>2500,- K\u010d<\/td>\n<td>2975,- K\u010d<\/td>\n<\/tr>\n<tr>\n<td>Sazba za v\u00edkend P\u00c1+SO+NE<\/td>\n<td>3000,- K\u010d<\/td>\n<td>2570,- K\u010d<\/td>\n<\/tr>\n<tr>\n<td colspan=\"3\">Zv\u00fdhodn\u011bn\u00e9 \u010dek\u00e1n\u00ed (celkov\u00fd po\u010det km nad 300) vozy Karosa:<\/td>\n<\/tr>\n<tr>\n<td>Sazba za 1 hodinu<\/td>\n<td>150,- K\u010d<\/td>\n<td>178,50 K\u010d<\/td>\n<\/tr>\n<tr>\n<td>Sazba za 1 den<\/td>\n<td>1000,- K\u010d<\/td>\n<td>1190,-K\u010d<\/td>\n<\/tr>\n<tr>\n<td>Sazba za v\u00edkend SO + NE<\/td>\n<td>1800,- K\u010d<\/td>\n<td>2142,- K\u010d<\/td>\n<\/tr>\n<tr>\n<td>Sazba za v\u00edkend P\u00c1 + SO + NE<\/td>\n<td>2500,- K\u010d<\/td>\n<td>2975,- K\u010d<\/td>\n<\/tr>\n<tr>\n<td colspan=\"3\">U z\u00e1jezd\u016f del\u0161\u00edch ne\u017e 3 dny \u00fa\u010dtujeme \u010dek\u00e1n\u00ed 3000,- K\u010d\/den. V t\u00e9to cen\u011b je zahrnuto 50km\/den zdarma. Dal\u0161\u00ed km dle cen\u00edku.<\/td>\n<\/tr>\n<tr>\n<td colspan=\"3\">\u010cek\u00e1n\u00ed vozy Setra a Renault:<\/td>\n<\/tr>\n<tr>\n<td>Sazba za 1 hodinu<\/td>\n<td>200,- K\u010d<\/td>\n<td>238,- K\u010d<\/td>\n<\/tr>\n<tr>\n<td>Sazba za 1 den<\/td>\n<td>1500,- K\u010d<\/td>\n<td>1785,- K\u010d<\/td>\n<\/tr>\n<tr>\n<td colspan=\"3\">Dal\u0161\u00ed sazby \u010dek\u00e1n\u00ed individu\u00e1ln\u011b dle z\u00e1jezdu<\/td>\n<\/tr>\n<tr>\n<td colspan=\"3\">J\u00edzda po Praze Karosa:<\/td>\n<\/tr>\n<tr>\n<td>Sazba za 1 hodinu<\/td>\n<td>800,- K\u010d<\/td>\n<td>952,- K\u010d<\/td>\n<\/tr>\n<tr>\n<td>Transfer leti\u0161t\u011b &#8211; hotel (v Praze)<\/td>\n<td>2200,- K\u010d<\/td>\n<td>2618,- K\u010d<\/td>\n<\/tr>\n<tr>\n<td>Transfer Hl. n. &#8211; hotel (v Praze)<\/td>\n<td>2000,- K\u010d<\/td>\n<td>2380,- K\u010d<\/td>\n<\/tr>\n<tr>\n<td>Transfer hotel (v Praze) &#8211; Praha centrum<\/td>\n<td>2000,- K\u010d<\/td>\n<td>2380,- K\u010d<\/td>\n<\/tr>\n<tr>\n<td colspan=\"3\">J\u00edzda po Praze Setra a Renault:<\/td>\n<\/tr>\n<tr>\n<td>Sazba za 1 hodinu<\/td>\n<td>1000,- K\u010d<\/td>\n<td>1190,- K\u010d<\/td>\n<\/tr>\n<tr>\n<td>Transfer leti\u0161t\u011b &#8211; hotel (v Praze)<\/td>\n<td>2400,- K\u010d<\/td>\n<td>2856,- K\u010d<\/td>\n<\/tr>\n<tr>\n<td>Transfer Hl. n. &#8211; hotel (v Praze)<\/td>\n<td>2200,- K\u010d<\/td>\n<td>2618,- K\u010d<\/td>\n<\/tr>\n<tr>\n<td>Transfer hotel (v Praze) &#8211; Praha centrum<\/td>\n<td>2200,- K\u010d<\/td>\n<td>2618,- K\u010d<\/td>\n<\/tr>\n<tr>\n<td>P\u0159\u00edv\u011bsy:<\/td>\n<td><\/td>\n<td><\/td>\n<\/tr>\n<tr>\n<td>Sazba na 1 den &#8211; sk\u0159\u00ed\u0148ov\u00fd na zavazadla<\/td>\n<td>350,- K\u010d<\/td>\n<td>416,50 K\u010d<\/td>\n<\/tr>\n<tr>\n<td>Sazba na 1 den &#8211; velk\u00fd na lod\u011b<\/td>\n<td>500,- K\u010d<\/td>\n<td>595,- K\u010d<\/td>\n<\/tr>\n<tr>\n<td>Sazba na 1 den &#8211; na kola (38 a 42 kol)<\/td>\n<td>1000,- K\u010d<\/td>\n<td>1190,- K\u010d<\/td>\n<\/tr>\n<\/tbody>\n<\/table>\n<p>Mezin\u00e1rodn\u00ed autobusov\u00e1 doprava je<\/p>\n<p>osvobozena od DPH. Do ceny je v\u0161ak nutn\u00e9 po\u010d\u00edtat dan\u011b jednotliv\u00fdch zem\u00ed EU.<\/p>\n<p>&nbsp;<\/p>\n<p>U z\u00e1jezd\u016f do vzd\u00e1lenosti men\u0161\u00ed ne\u017e 50 km \u00fa\u010dtujeme p\u0159istaven\u00ed 300,- K\u010d+DPH.<\/p>\n<p>Kilometry \u00fa\u010dtujeme v\u010detn\u011b j\u00edzdy z odstavn\u00e9 plochy (Praha &#8211; Bran\u00edk) na m\u00edsto odjezdu v pln\u00e9 v\u00fd\u0161i.<\/p>\n<p>&nbsp;<\/p>\n<p>Minim\u00e1ln\u00ed cena z\u00e1jezdu \u010din\u00ed 1500,- K\u010d.<\/p>\n<p>&nbsp;<\/p>\n<p><strong>Storno:<\/strong>\u00a0(m\u00e9n\u011b ne\u017e 14-1 den p\u0159ed odjezdem)<br \/>\n\u2022 vnitrost\u00e1tn\u00ed doprava (max. 2500 K\u010d): 500,- K\u010d\/den<br \/>\n\u2022 mezin\u00e1rodn\u00ed doprava (max. 5000 K\u010d): 1000,- K\u010d\/den<br \/>\nU storna krat\u0161\u00edho ne\u017e 24 hod. \u00fa\u010dtujeme storno poplatek 50% ceny dopravy (ze smluvn\u00ed, p\u0159edpokl\u00e1dan\u00e9 ceny)<\/p>\n<p>P\u0159i j\u00edzd\u00e1ch do zahrani\u010d\u00ed d\u00e1le \u00fa\u010dtujeme rozd\u00edl ceny nafty, diety \u0159idi\u010d\u016f, poplatky na d\u00e1lnic\u00edch, silni\u010dn\u00ed da\u0148, tunely, trajekty a dal\u0161\u00ed poplatky.<\/p>\n<p><span class=\"highlight\">Lze tak\u00e9 vyhotovit kalkulaci dopravy za smluvn\u00ed cenu pro konkr\u00e9tn\u00ed akci<\/span>.<\/p>\n<p>Splatnost na\u0161ich faktur je 14 dn\u00ed od data vystaven\u00ed. V p\u0159\u00edpad\u011b opo\u017ed\u011bn\u00e9 platby \u00fa\u010dtujeme smluvn\u00ed pen\u00e1le 0,25% z fakturovan\u00e9 \u010d\u00e1stky za ka\u017ed\u00fd den z prodlen\u00ed.<\/p>\n","protected":false},"excerpt":{"rendered":"<p>NEJSME NEJLEVN\u011aJ\u0160\u00cd, ALE PAT\u0158\u00cdME MEZI NEJLEP\u0160\u00cd! Cen\u00edk platn\u00fd od 1.1.2008: cena +19% Autobusy Karosa: Z\u00e1kladn\u00ed sazba za 1 km 24,- K\u010d 28,56 K\u010d Sazba p\u0159i j\u00edzd\u011b s vlekem za 1 km 26,- K\u010d 30,94 K\u010d Autobusy Karosa s klimatizac\u00ed: Z\u00e1kladn\u00ed sazba za 1 km 25,- K\u010d 29,75 K\u010d Sazba p\u0159i j\u00edzd\u011b s vlekem za 1 [&hellip;]<\/p>\n","protected":false},"author":1,"featured_media":0,"parent":0,"menu_order":0,"comment_status":"closed","ping_status":"closed","template":"","meta":{"_exactmetrics_skip_tracking":false,"_exactmetrics_sitenote_active":false,"_exactmetrics_sitenote_note":"","_exactmetrics_sitenote_category":0,"footnotes":""},"class_list":["post-19","page","type-page","status-publish","hentry"],"_links":{"self":[{"href":"https:\/\/www.autobusova-doprava.com\/index.php?rest_route=\/wp\/v2\/pages\/19","targetHints":{"allow":["GET"]}}],"collection":[{"href":"https:\/\/www.autobusova-doprava.com\/index.php?rest_route=\/wp\/v2\/pages"}],"about":[{"href":"https:\/\/www.autobusova-doprava.com\/index.php?rest_route=\/wp\/v2\/types\/page"}],"author":[{"embeddable":true,"href":"https:\/\/www.autobusova-doprava.com\/index.php?rest_route=\/wp\/v2\/users\/1"}],"replies":[{"embeddable":true,"href":"https:\/\/www.autobusova-doprava.com\/index.php?rest_route=%2Fwp%2Fv2%2Fcomments&post=19"}],"version-history":[{"count":5,"href":"https:\/\/www.autobusova-doprava.com\/index.php?rest_route=\/wp\/v2\/pages\/19\/revisions"}],"predecessor-version":[{"id":110,"href":"https:\/\/www.autobusova-doprava.com\/index.php?rest_route=\/wp\/v2\/pages\/19\/revisions\/110"}],"wp:attachment":[{"href":"https:\/\/www.autobusova-doprava.com\/index.php?rest_route=%2Fwp%2Fv2%2Fmedia&parent=19"}],"curies":[{"name":"wp","href":"https:\/\/api.w.org\/{rel}","templated":true}]}}